
{"id":27,"date":"2019-06-10T14:37:10","date_gmt":"2019-06-10T12:37:10","guid":{"rendered":"https:\/\/przedszkole17.edu.wroclaw.pl\/?page_id=27"},"modified":"2026-03-29T15:20:53","modified_gmt":"2026-03-29T13:20:53","slug":"jezyki","status":"publish","type":"page","link":"https:\/\/przedszkole17.edu.wroclaw.pl\/index.php\/grupy\/jezyki\/","title":{"rendered":"Je\u017cyki"},"content":{"rendered":"<div class=\"wpb-content-wrapper\"><p>[vc_row gap=&#8221;1&#8243; css=&#8221;.vc_custom_1665347655371{background-position: 0 0 !important;background-repeat: no-repeat !important;border-radius: 1px !important;}&#8221;][vc_column css=&#8221;.vc_custom_1665348036246{background-position: 0 0 !important;background-repeat: no-repeat !important;}&#8221;][vc_column_text css=&#8221;&#8221;]<strong><em><span style=\"font-family: 'comic sans ms', sans-serif;font-size: 14pt;color: #000080\"><a href=\"https:\/\/przedszkole17.edu.wroclaw.pl\/wp-content\/uploads\/sites\/41\/2025\/09\/jeze.jpg\"><img loading=\"lazy\" decoding=\"async\" class=\"wp-image-18769 aligncenter\" src=\"https:\/\/przedszkole17.edu.wroclaw.pl\/wp-content\/uploads\/sites\/41\/2025\/09\/jeze.jpg\" alt=\"\" width=\"426\" height=\"426\" srcset=\"https:\/\/przedszkole17.edu.wroclaw.pl\/wp-content\/uploads\/sites\/41\/2025\/09\/jeze.jpg 1024w, https:\/\/przedszkole17.edu.wroclaw.pl\/wp-content\/uploads\/sites\/41\/2025\/09\/jeze-300x300.jpg 300w, https:\/\/przedszkole17.edu.wroclaw.pl\/wp-content\/uploads\/sites\/41\/2025\/09\/jeze-150x150.jpg 150w, https:\/\/przedszkole17.edu.wroclaw.pl\/wp-content\/uploads\/sites\/41\/2025\/09\/jeze-768x768.jpg 768w\" sizes=\"auto, (max-width: 426px) 100vw, 426px\" \/><\/a><\/span><\/em><\/strong><\/p>\n<p style=\"text-align: center\"><strong><em><span style=\"font-family: 'comic sans ms', sans-serif;font-size: 14pt;color: #000080\">Czy kto\u015b wierzy, czy nie wierzy,<\/span><\/em><\/strong><\/p>\n<p style=\"text-align: center\"><strong><em><span style=\"font-family: 'comic sans ms', sans-serif;font-size: 14pt;color: #000080\">jeste\u015bmy zgran\u0105 gromadk\u0105 weso\u0142ych JE\u017bY.<\/span><\/em><\/strong><\/p>\n<p style=\"text-align: center\"><strong><em><span style=\"font-family: 'comic sans ms', sans-serif;font-size: 14pt;color: #000080\">Rzecz to wielka nies\u0142ychanie,<\/span><\/em><\/strong><\/p>\n<p style=\"text-align: center\"><strong><em><span style=\"font-family: 'comic sans ms', sans-serif;font-size: 14pt;color: #000080\">gdy je\u017cykiem si\u0119 zostanie!<\/span><\/em><\/strong><\/p>\n<p style=\"text-align: center\"><strong><em><span style=\"font-family: 'comic sans ms', sans-serif;font-size: 14pt;color: #000080\">Wtedy wszystko chce si\u0119 wiedzie\u0107,<\/span><\/em><\/strong><\/p>\n<p style=\"text-align: center\"><strong><em><span style=\"font-family: 'comic sans ms', sans-serif;font-size: 14pt;color: #000080\">mo\u017cna bajk\u0119 opowiedzie\u0107.<\/span><\/em><\/strong><\/p>\n<p style=\"text-align: center\"><strong><em><span style=\"font-family: 'comic sans ms', sans-serif;font-size: 14pt;color: #000080\">Zna\u0107 zasady wychowania,<\/span><\/em><\/strong><\/p>\n<p style=\"text-align: center\"><strong><em><span style=\"font-family: 'comic sans ms', sans-serif;font-size: 14pt;color: #000080\">pi\u0119knie uczy\u0107 si\u0119 \u015bpiewania.<\/span><\/em><\/strong><\/p>\n<p style=\"text-align: center\"><strong><em><span style=\"font-family: 'comic sans ms', sans-serif;font-size: 14pt;color: #000080\">Co nas wyr\u00f3\u017cnia? Pewnie ju\u017c wiecie,<\/span><\/em><\/strong><\/p>\n<p style=\"text-align: center\"><strong><em><span style=\"font-family: 'comic sans ms', sans-serif;font-size: 14pt;color: #000080\">Lubimy zabaw\u0119 najbardziej na \u015bwiecie!<\/span><\/em><\/strong><\/p>\n<p>&nbsp;<\/p>\n<p dir=\"ltr\" style=\"text-align: center\"><span style=\"font-family: 'comic sans ms', sans-serif;font-size: 14pt;color: #000080\"><strong>Wychowawczynie: <\/strong>Iwona Paw\u0142owska, El\u017cbieta Kowalska<\/span><\/p>\n<p dir=\"ltr\" style=\"text-align: center\"><span style=\"font-family: 'comic sans ms', sans-serif;font-size: 14pt;color: #000080\"><strong>Pomoc nauczyciela:<\/strong> Pani Honoratka<\/span><\/p>\n<p dir=\"ltr\" style=\"text-align: center\"><span style=\"font-family: 'comic sans ms', sans-serif;font-size: 14pt;color: #000080\"><strong>Pomoc techniczna:<\/strong> Pani Dorotka<\/span><\/p>\n<p>[\/vc_column_text][\/vc_column][\/vc_row][vc_row][vc_column][vc_separator color=&#8221;blue&#8221; style=&#8221;shadow&#8221; css=&#8221;&#8221;][\/vc_column][\/vc_row][vc_row][vc_column][vc_column_text css=&#8221;&#8221;]<\/p>\n<p style=\"text-align: center\"><span style=\"font-size: 14pt;color: #000080\"><strong><span style=\"font-family: 'comic sans ms', sans-serif\">GODZINY FUNKCJONOWANIA GRUPY &#8222;JE\u017bYKI&#8221;<\/span><\/strong><\/span><\/p>\n<p style=\"text-align: center\"><span style=\"color: #000080\"><strong><span style=\"font-family: 'comic sans ms', sans-serif;font-size: 14pt\">7:00 &#8211; 17:00<\/span><\/strong><\/span><\/p>\n<p style=\"text-align: center\"><span style=\"font-family: 'comic sans ms', sans-serif;font-size: 14pt;color: #000080\"><img loading=\"lazy\" decoding=\"async\" class=\"\" src=\"https:\/\/img.freepik.com\/premium-wektory\/czarny-telefon-z-czarnym-telefonem-na-nim_755034-816.jpg\" alt=\"Telefon sylwetka ikona ilustracja wektorowa | Wektor Premium\" width=\"35\" height=\"35\" \/>numer wewn\u0119trzny do sali 1 &#8211; <strong>211<\/strong><\/span><\/p>\n<p>&nbsp;<\/p>\n<p>[\/vc_column_text][\/vc_column][\/vc_row][vc_row][vc_column][vc_separator color=&#8221;blue&#8221; style=&#8221;shadow&#8221; css=&#8221;&#8221;][\/vc_column][\/vc_row][vc_row][vc_column][vc_column_text css=&#8221;&#8221;]<\/p>\n<p style=\"text-align: center\"><span style=\"font-size: 14pt;color: #000080\"><strong><span style=\"font-family: 'comic sans ms', sans-serif\">GRAFIK ZAJ\u0118\u0106 DODATKOWYCH<\/span><\/strong><\/span><\/p>\n<table class=\" aligncenter\" style=\"width: 89.1017%;border-collapse: collapse;border-color: #0b1961;background-color: #d8e8eb;border-style: double\">\n<tbody>\n<tr>\n<td style=\"width: 16.6667%;border-color: #0b1961;border-style: double;text-align: center\"><\/td>\n<td style=\"width: 15.5333%;border-color: #0b1961;border-style: double;text-align: center\"><strong><span style=\"font-size: 14pt;font-family: 'comic sans ms', sans-serif\">PONIEDZIA\u0141EK<\/span><\/strong><\/td>\n<td style=\"width: 14.0512%;border-color: #0b1961;border-style: double;text-align: center\"><strong><span style=\"font-family: 'comic sans ms', sans-serif;font-size: 14pt\">WTOREK<\/span><\/strong><\/td>\n<td style=\"width: 13.6153%;border-color: #0b1961;border-style: double;text-align: center\"><strong><span style=\"font-family: 'comic sans ms', sans-serif;font-size: 14pt\">\u015aRODA<\/span><\/strong><\/td>\n<td style=\"width: 15.3589%;border-color: #0b1961;border-style: double;text-align: center\"><strong><span style=\"font-family: 'comic sans ms', sans-serif;font-size: 14pt\">CZWARTEK<\/span><\/strong><\/td>\n<td style=\"width: 13.8768%;border-color: #0b1961;border-style: double;text-align: center\"><strong><span style=\"font-family: 'comic sans ms', sans-serif;font-size: 14pt\">PI\u0104TEK<\/span><\/strong><\/td>\n<\/tr>\n<tr>\n<td style=\"width: 16.6667%;border-color: #0b1961;border-style: double;text-align: center\"><strong><span style=\"font-family: 'comic sans ms', sans-serif;font-size: 10pt\">ZAJ\u0118CIA RUCHOWE OG\u00d3LNOROZWOJOWE<\/span><\/strong><\/td>\n<td style=\"width: 15.5333%;border-color: #0b1961;border-style: double;text-align: center\"><span style=\"font-family: 'comic sans ms', sans-serif\">10:30 &#8211; 11:00<\/span><\/td>\n<td style=\"width: 14.0512%;border-color: #0b1961;border-style: double;text-align: center\"><\/td>\n<td style=\"width: 13.6153%;border-color: #0b1961;border-style: double;text-align: center\"><\/td>\n<td style=\"width: 15.3589%;border-color: #0b1961;border-style: double;text-align: center\"><\/td>\n<td style=\"width: 13.8768%;border-color: #0b1961;border-style: double;text-align: center\"><span style=\"font-family: 'comic sans ms', sans-serif\">10:30 &#8211; 11:00<\/span><\/td>\n<\/tr>\n<tr>\n<td style=\"width: 16.6667%;border-color: #0b1961;border-style: double;text-align: center\"><strong><span style=\"font-family: 'comic sans ms', sans-serif;font-size: 10pt\">PROFILAKTYKA LOGOPEDYCZNA<\/span><\/strong><\/td>\n<td style=\"width: 15.5333%;border-color: #0b1961;border-style: double;text-align: center\"><\/td>\n<td style=\"width: 14.0512%;border-color: #0b1961;border-style: double;text-align: center\"><\/td>\n<td style=\"width: 13.6153%;border-color: #0b1961;border-style: double;text-align: center\"><span style=\"font-family: 'comic sans ms', sans-serif\">9:30 &#8211; 10:00<\/span><\/td>\n<td style=\"width: 15.3589%;border-color: #0b1961;border-style: double;text-align: center\"><\/td>\n<td style=\"width: 13.8768%;border-color: #0b1961;border-style: double;text-align: center\"><\/td>\n<\/tr>\n<tr>\n<td style=\"width: 16.6667%;border-color: #0b1961;border-style: double;text-align: center\"><strong><span style=\"font-family: 'comic sans ms', sans-serif;font-size: 10pt\">ANGIELSKI<\/span><\/strong><\/td>\n<td style=\"width: 15.5333%;border-color: #0b1961;border-style: double;text-align: center\"><\/td>\n<td style=\"width: 14.0512%;border-color: #0b1961;border-style: double;text-align: center\"><span style=\"font-family: 'comic sans ms', sans-serif\">10:30 &#8211; 11:00<\/span><\/td>\n<td style=\"width: 13.6153%;border-color: #0b1961;border-style: double;text-align: center\"><\/td>\n<td style=\"width: 15.3589%;border-color: #0b1961;border-style: double;text-align: center\"><\/td>\n<td style=\"width: 13.8768%;border-color: #0b1961;border-style: double;text-align: center\"><\/td>\n<\/tr>\n<tr>\n<td style=\"width: 16.6667%;border-color: #0b1961;border-style: double;text-align: center\"><strong><span style=\"font-family: 'comic sans ms', sans-serif;font-size: 10pt\">RYTMIKA<\/span><\/strong><\/td>\n<td style=\"width: 15.5333%;border-color: #0b1961;border-style: double;text-align: center\"><\/td>\n<td style=\"width: 14.0512%;border-color: #0b1961;border-style: double;text-align: center\"><\/td>\n<td style=\"width: 13.6153%;border-color: #0b1961;border-style: double;text-align: center\"><\/td>\n<td style=\"width: 15.3589%;border-color: #0b1961;border-style: double;text-align: center\"><span style=\"font-family: 'comic sans ms', sans-serif\">10:00 &#8211; 10:30<\/span><\/td>\n<td style=\"width: 13.8768%;border-color: #0b1961;border-style: double;text-align: center\"><\/td>\n<\/tr>\n<tr>\n<td style=\"width: 16.6667%;border-color: #0b1961;border-style: double;text-align: center\"><strong><span style=\"font-family: 'comic sans ms', sans-serif;font-size: 10pt\">MALI WSPANIALI<\/span><\/strong><\/td>\n<td style=\"width: 15.5333%;border-color: #0b1961;border-style: double;text-align: center\"><\/td>\n<td style=\"width: 14.0512%;border-color: #0b1961;border-style: double;text-align: center\"><\/td>\n<td style=\"width: 13.6153%;border-color: #0b1961;border-style: double;text-align: center\"><span style=\"font-family: 'comic sans ms', sans-serif\">9:00 &#8211; 9:30<\/span><\/td>\n<td style=\"width: 15.3589%;border-color: #0b1961;border-style: double;text-align: center\"><\/td>\n<td style=\"width: 13.8768%;border-color: #0b1961;border-style: double;text-align: center\"><\/td>\n<\/tr>\n<tr>\n<td style=\"width: 16.6667%;border-color: #0b1961;border-style: double;text-align: center\"><strong><span style=\"font-family: 'comic sans ms', sans-serif;font-size: 10pt\">RELIGIA<\/span><\/strong><\/td>\n<td style=\"width: 15.5333%;border-color: #0b1961;border-style: double;text-align: center\"><\/td>\n<td style=\"width: 14.0512%;border-color: #0b1961;border-style: double;text-align: center\"><\/td>\n<td style=\"width: 13.6153%;border-color: #0b1961;border-style: double;text-align: center\"><\/td>\n<td style=\"width: 15.3589%;border-color: #0b1961;border-style: double;text-align: center\"><\/td>\n<td style=\"width: 13.8768%;border-color: #0b1961;border-style: double;text-align: center\"><\/td>\n<\/tr>\n<\/tbody>\n<\/table>\n<p>[\/vc_column_text][vc_column_text css=&#8221;&#8221;]<span style=\"font-size: 14pt\"><span style=\"font-family: 'comic sans ms', sans-serif;color: #000080\">W NASZEJ GRUPIE REALIZUJEMY &#8211; <\/span><span style=\"font-family: 'comic sans ms', sans-serif;color: #000080\"><strong>Program \u0106wicze\u0144 Integruj\u0105cych INPP<\/strong><\/span><\/span><\/p>\n<p><a href=\"https:\/\/przedszkole17.edu.wroclaw.pl\/wp-content\/uploads\/sites\/41\/2025\/09\/Program-Cwiczen-Integrujacych-INPP.pdf\">Program \u0106wicze\u0144 Integruj\u0105cych INPP<\/a>[\/vc_column_text][\/vc_column][\/vc_row][vc_row][vc_column][vc_separator color=&#8221;blue&#8221; style=&#8221;shadow&#8221; css=&#8221;&#8221;][\/vc_column][\/vc_row][vc_row][vc_column][vc_column_text css=&#8221;&#8221;]<\/p>\n<p style=\"font-weight: 400;text-align: center\"><strong><span style=\"font-family: 'comic sans ms', sans-serif;font-size: 18pt;color: #333399\">TEMATYKA MIESI\u0104CA, WIERSZ, PIOSENKA<\/span><\/strong><\/p>\n<p><strong><span style=\"font-family: 'comic sans ms', sans-serif;font-size: 14pt;color: #993300\">WRZESIE\u0143<\/span><\/strong><\/p>\n<p><a href=\"https:\/\/przedszkole17.edu.wroclaw.pl\/wp-content\/uploads\/sites\/41\/2025\/09\/WRZESIEN-kregi-wiersz-piosenka.pdf\">WRZESIE\u0143 kr\u0119gi wiersz piosenka<\/a><\/p>\n<hr \/>\n<p><strong><span style=\"font-family: 'comic sans ms', sans-serif;font-size: 14pt;color: #993300\">PA\u0179DZIERNIK<\/span><\/strong><\/p>\n<p><a href=\"https:\/\/przedszkole17.edu.wroclaw.pl\/wp-content\/uploads\/sites\/41\/2025\/09\/Wiersz-i-Piosenka-2025.pdf\">Wiersz i Piosenka 2025\u00a0 <\/a><a href=\"https:\/\/przedszkole17.edu.wroclaw.pl\/wp-content\/uploads\/sites\/41\/2025\/09\/Kre\u0328gi-tematyczne-2025.pdf\">Kre\u0328gi tematyczne 2025<\/a>[\/vc_column_text][vc_separator color=&#8221;black&#8221; css=&#8221;&#8221;][vc_column_text css=&#8221;&#8221;]<strong><span style=\"font-family: 'comic sans ms', sans-serif;font-size: 14pt;color: #993300\">LISTOPAD<\/span><\/strong><\/p>\n<p><a href=\"https:\/\/przedszkole17.edu.wroclaw.pl\/wp-content\/uploads\/sites\/41\/2025\/11\/Kre\u0328gi-tematyczne.pdf\">Kre\u0328gi tematyczne; <\/a><a href=\"https:\/\/przedszkole17.edu.wroclaw.pl\/wp-content\/uploads\/sites\/41\/2025\/11\/Wiersz-i-Piosenka.docx\">Wiersz i Piosenka<\/a>[\/vc_column_text][vc_separator color=&#8221;black&#8221; css=&#8221;&#8221;][vc_column_text css=&#8221;&#8221;]<strong><span style=\"font-family: 'comic sans ms', sans-serif;font-size: 14pt;color: #993300\">GRUDZIE\u0143<\/span><\/strong><\/p>\n<p><a href=\"https:\/\/przedszkole17.edu.wroclaw.pl\/wp-content\/uploads\/sites\/41\/2025\/12\/Tematyka-grudzien.pdf\">Tematyka grudzie\u0144<\/a>, <a href=\"https:\/\/przedszkole17.edu.wroclaw.pl\/wp-content\/uploads\/sites\/41\/2025\/12\/Wiersz-i-piosenka-grudzien.pdf\">Wiersz i piosenka grudzie\u0144<\/a>[\/vc_column_text][vc_separator color=&#8221;black&#8221; css=&#8221;&#8221;][vc_column_text css=&#8221;&#8221;]<strong><span style=\"font-family: 'comic sans ms', sans-serif;font-size: 14pt;color: #993300\">STYCZE\u0143<\/span><\/strong><\/p>\n<p><a href=\"https:\/\/przedszkole17.edu.wroclaw.pl\/wp-content\/uploads\/sites\/41\/2026\/01\/Tematyka-STYCZEN.pdf\">Tematyka STYCZE\u0143<\/a>, <a href=\"https:\/\/przedszkole17.edu.wroclaw.pl\/wp-content\/uploads\/sites\/41\/2026\/01\/Piosenka-i-wiersz-STYCZEN.pdf\">Piosenka i wiersz STYCZE\u0143<\/a>[\/vc_column_text][vc_separator color=&#8221;black&#8221; css=&#8221;&#8221;][vc_column_text css=&#8221;&#8221;]<strong><span style=\"font-family: 'comic sans ms', sans-serif;font-size: 14pt;color: #993300\">LUTY<\/span><\/strong><\/p>\n<p><a href=\"https:\/\/przedszkole17.edu.wroclaw.pl\/wp-content\/uploads\/sites\/41\/2026\/02\/Kre\u0328gi-tematyczne-2026.pdf\">Kre\u0328gi tematyczne 2026<\/a>; <a href=\"https:\/\/przedszkole17.edu.wroclaw.pl\/wp-content\/uploads\/sites\/41\/2026\/02\/Wiersz-i-Piosenka-2026.pdf\">Wiersz i Piosenka 2026<\/a>[\/vc_column_text][vc_separator color=&#8221;black&#8221; css=&#8221;&#8221;][vc_column_text css=&#8221;&#8221;]<strong><span style=\"font-family: 'comic sans ms', sans-serif;font-size: 14pt;color: #993300\">MARZEC<\/span><\/strong><\/p>\n<p><a href=\"https:\/\/przedszkole17.edu.wroclaw.pl\/wp-content\/uploads\/sites\/41\/2026\/03\/Kre\u0328gi-tematyczne-2026-1.pdf\">Kre\u0328gi tematyczne 2026 <\/a>, <a href=\"https:\/\/przedszkole17.edu.wroclaw.pl\/wp-content\/uploads\/sites\/41\/2026\/03\/Wiersz-i-Piosenka-2026-1.pdf\">Wiersz i Piosenka 2026 <\/a>[\/vc_column_text][vc_separator color=&#8221;black&#8221; css=&#8221;&#8221;][vc_column_text css=&#8221;&#8221;]<strong><span style=\"font-family: 'comic sans ms', sans-serif;font-size: 14pt;color: #993300\">KWIECIE\u0143<\/span><\/strong><\/p>\n<p><a href=\"https:\/\/przedszkole17.edu.wroclaw.pl\/wp-content\/uploads\/sites\/41\/2026\/03\/KWIECIEN-kregi.pdf\">KWIECIE\u0143 kr\u0119gi<\/a>; <a href=\"https:\/\/przedszkole17.edu.wroclaw.pl\/wp-content\/uploads\/sites\/41\/2026\/03\/WIERSZ-I-PIOSENKA-kwiecien.pdf\">WIERSZ I PIOSENKA kwiecie\u0144<\/a>[\/vc_column_text][vc_separator color=&#8221;black&#8221; css=&#8221;&#8221;][vc_column_text css=&#8221;&#8221;]<strong><span style=\"font-family: 'comic sans ms', sans-serif;font-size: 14pt;color: #993300\">MAJ<\/span><\/strong>[\/vc_column_text][vc_separator color=&#8221;black&#8221; css=&#8221;&#8221;][vc_column_text css=&#8221;&#8221;]<strong><span style=\"font-family: 'comic sans ms', sans-serif;font-size: 14pt;color: #993300\">CZERWIEC<\/span><\/strong>[\/vc_column_text][vc_separator color=&#8221;black&#8221; css=&#8221;&#8221;][\/vc_column][\/vc_row][vc_row][vc_column][vc_text_separator title=&#8221;&#8221; color=&#8221;blue&#8221; style=&#8221;shadow&#8221; css=&#8221;&#8221;][\/vc_column][\/vc_row][vc_row][vc_column][vc_column_text css=&#8221;&#8221;]<\/p>\n<p style=\"text-align: center\"><strong><span style=\"font-family: 'comic sans ms', sans-serif;font-size: 18pt;color: #000080\">SALA JE\u017bYK\u00d3W<\/span><\/strong><\/p>\n<p><a href=\"https:\/\/przedszkole17.edu.wroclaw.pl\/wp-content\/uploads\/sites\/41\/2025\/09\/Fotoram.io-70.jpg\"><img loading=\"lazy\" decoding=\"async\" class=\"aligncenter size-full wp-image-18821\" src=\"https:\/\/przedszkole17.edu.wroclaw.pl\/wp-content\/uploads\/sites\/41\/2025\/09\/Fotoram.io-70.jpg\" alt=\"\" width=\"1200\" height=\"1200\" srcset=\"https:\/\/przedszkole17.edu.wroclaw.pl\/wp-content\/uploads\/sites\/41\/2025\/09\/Fotoram.io-70.jpg 1200w, https:\/\/przedszkole17.edu.wroclaw.pl\/wp-content\/uploads\/sites\/41\/2025\/09\/Fotoram.io-70-300x300.jpg 300w, https:\/\/przedszkole17.edu.wroclaw.pl\/wp-content\/uploads\/sites\/41\/2025\/09\/Fotoram.io-70-1024x1024.jpg 1024w, https:\/\/przedszkole17.edu.wroclaw.pl\/wp-content\/uploads\/sites\/41\/2025\/09\/Fotoram.io-70-150x150.jpg 150w, https:\/\/przedszkole17.edu.wroclaw.pl\/wp-content\/uploads\/sites\/41\/2025\/09\/Fotoram.io-70-768x768.jpg 768w\" sizes=\"auto, (max-width: 1200px) 100vw, 1200px\" \/><\/a><a href=\"https:\/\/przedszkole17.edu.wroclaw.pl\/wp-content\/uploads\/sites\/41\/2025\/09\/Fotoram.io-71.jpg\"><img loading=\"lazy\" decoding=\"async\" class=\"aligncenter size-full wp-image-18820\" src=\"https:\/\/przedszkole17.edu.wroclaw.pl\/wp-content\/uploads\/sites\/41\/2025\/09\/Fotoram.io-71.jpg\" alt=\"\" width=\"1200\" height=\"1200\" srcset=\"https:\/\/przedszkole17.edu.wroclaw.pl\/wp-content\/uploads\/sites\/41\/2025\/09\/Fotoram.io-71.jpg 1200w, https:\/\/przedszkole17.edu.wroclaw.pl\/wp-content\/uploads\/sites\/41\/2025\/09\/Fotoram.io-71-300x300.jpg 300w, https:\/\/przedszkole17.edu.wroclaw.pl\/wp-content\/uploads\/sites\/41\/2025\/09\/Fotoram.io-71-1024x1024.jpg 1024w, https:\/\/przedszkole17.edu.wroclaw.pl\/wp-content\/uploads\/sites\/41\/2025\/09\/Fotoram.io-71-150x150.jpg 150w, https:\/\/przedszkole17.edu.wroclaw.pl\/wp-content\/uploads\/sites\/41\/2025\/09\/Fotoram.io-71-768x768.jpg 768w\" sizes=\"auto, (max-width: 1200px) 100vw, 1200px\" \/><\/a>[\/vc_column_text][\/vc_column][\/vc_row][vc_row][vc_column][vc_separator][\/vc_column][\/vc_row]<\/p>\n<\/div>","protected":false},"excerpt":{"rendered":"<p>[vc_row gap=&#8221;1&#8243; css=&#8221;.vc_custom_1665347655371{background-position: 0 0 !important;background-repeat: no-repeat !important;border-radius: 1px !important;}&#8221;][vc_column css=&#8221;.vc_custom_1665348036246{background-position: 0 0 !important;background-repeat: no-repeat !important;}&#8221;][vc_column_text css=&#8221;&#8221;] Czy kto\u015b wierzy, czy nie wierzy, jeste\u015bmy zgran\u0105 gromadk\u0105 weso\u0142ych JE\u017bY. Rzecz to [&hellip;]<\/p>\n","protected":false},"author":72,"featured_media":0,"parent":19,"menu_order":0,"comment_status":"closed","ping_status":"closed","template":"","meta":{"ngg_post_thumbnail":0,"footnotes":""},"class_list":["post-27","page","type-page","status-publish","hentry","clearfix"],"_links":{"self":[{"href":"https:\/\/przedszkole17.edu.wroclaw.pl\/index.php\/wp-json\/wp\/v2\/pages\/27","targetHints":{"allow":["GET"]}}],"collection":[{"href":"https:\/\/przedszkole17.edu.wroclaw.pl\/index.php\/wp-json\/wp\/v2\/pages"}],"about":[{"href":"https:\/\/przedszkole17.edu.wroclaw.pl\/index.php\/wp-json\/wp\/v2\/types\/page"}],"author":[{"embeddable":true,"href":"https:\/\/przedszkole17.edu.wroclaw.pl\/index.php\/wp-json\/wp\/v2\/users\/72"}],"replies":[{"embeddable":true,"href":"https:\/\/przedszkole17.edu.wroclaw.pl\/index.php\/wp-json\/wp\/v2\/comments?post=27"}],"version-history":[{"count":339,"href":"https:\/\/przedszkole17.edu.wroclaw.pl\/index.php\/wp-json\/wp\/v2\/pages\/27\/revisions"}],"predecessor-version":[{"id":20201,"href":"https:\/\/przedszkole17.edu.wroclaw.pl\/index.php\/wp-json\/wp\/v2\/pages\/27\/revisions\/20201"}],"up":[{"embeddable":true,"href":"https:\/\/przedszkole17.edu.wroclaw.pl\/index.php\/wp-json\/wp\/v2\/pages\/19"}],"wp:attachment":[{"href":"https:\/\/przedszkole17.edu.wroclaw.pl\/index.php\/wp-json\/wp\/v2\/media?parent=27"}],"curies":[{"name":"wp","href":"https:\/\/api.w.org\/{rel}","templated":true}]}}