
{"id":31,"date":"2019-06-10T14:38:02","date_gmt":"2019-06-10T12:38:02","guid":{"rendered":"https:\/\/przedszkole17.edu.wroclaw.pl\/?page_id=31"},"modified":"2026-03-29T21:54:50","modified_gmt":"2026-03-29T19:54:50","slug":"sowki","status":"publish","type":"page","link":"https:\/\/przedszkole17.edu.wroclaw.pl\/index.php\/grupy\/sowki\/","title":{"rendered":"S\u00f3wki"},"content":{"rendered":"<div class=\"wpb-content-wrapper\"><p>[vc_row][vc_column][vc_column_text css_animation=&#8221;zoomIn&#8221; css=&#8221;&#8221;]<\/p>\n<p style=\"text-align: center\"><em><span style=\"font-size: 18pt\">Nasza grupa, S\u00f3wkami zwana, bawi si\u0119 \u015bwietnie od samego rana. <\/span><\/em><\/p>\n<p style=\"text-align: center\"><em><span style=\"font-size: 18pt\">Pani Milena i Maria nad bezpiecze\u0144stwem naszym czuwaj\u0105 i nie na wszystko nam pozwalaj\u0105. <\/span><\/em><\/p>\n<p style=\"text-align: center\"><em><span style=\"font-size: 18pt\">Pani Natalia pyszne posi\u0142ki nam serwuje, dzi\u0119ki temu nasza g\u0142\u00f3wka owocniej na zaj\u0119ciach pracuje \ud83d\ude42<\/span><\/em><\/p>\n<p>&nbsp;<\/p>\n<p style=\"text-align: center\"><span style=\"font-size: 14pt\"><strong>Nauczyciele:<\/strong><\/span><\/p>\n<p style=\"text-align: center\"><span style=\"font-size: 18pt\">Halusiak Milena<br \/>\n<\/span><\/p>\n<p style=\"text-align: center\"><span style=\"font-size: 18pt\">W\u0142\u00f3ka Maria<\/span><\/p>\n<p style=\"text-align: center\"><span style=\"font-size: 14pt\"><strong>Pomoc techniczna:\u00a0 <\/strong><span style=\"font-size: 18pt\">Pani Natalia<\/span><strong><br \/>\n<\/strong><\/span><\/p>\n<p>[\/vc_column_text][\/vc_column][\/vc_row][vc_row full_width=&#8221;stretch_row_content&#8221; css=&#8221;.vc_custom_1664739724437{background-color: #afc3ed !important;}&#8221;][vc_column][vc_column_text css=&#8221;&#8221;]<\/p>\n<p align=\"CENTER\"><i><b>*GODZINY FUNKCJONOWANIA GRUPY &#8222;S\u00d3WKI&#8221;<\/b><\/i><\/p>\n<table border=\"1\" width=\"100%\" cellspacing=\"0\" cellpadding=\"4\">\n<tbody>\n<tr valign=\"TOP\">\n<td width=\"21%\">\n<p align=\"CENTER\"><b>PONIEDZIA\u0141EK<\/b><\/p>\n<\/td>\n<td width=\"20%\">\n<p align=\"CENTER\"><b>WTOREK<\/b><\/p>\n<\/td>\n<td width=\"20%\">\n<p align=\"CENTER\"><b>\u015aRODA<\/b><\/p>\n<\/td>\n<td width=\"19%\">\n<p align=\"CENTER\"><b>CZWARTEK<\/b><\/p>\n<\/td>\n<td width=\"20%\">\n<p align=\"CENTER\"><b>PI\u0104TEK<\/b><\/p>\n<\/td>\n<\/tr>\n<tr valign=\"TOP\">\n<td width=\"21%\">\n<p align=\"CENTER\">6:30-16:30<\/p>\n<\/td>\n<td width=\"20%\">\n<p align=\"CENTER\">6:30-16:30<\/p>\n<\/td>\n<td width=\"20%\">\n<p align=\"CENTER\">6:30-16:30<\/p>\n<\/td>\n<td width=\"19%\">\n<p align=\"CENTER\">6:30-16:30<\/p>\n<\/td>\n<td width=\"20%\">\n<p align=\"CENTER\">6:30-16:30<\/p>\n<\/td>\n<\/tr>\n<\/tbody>\n<\/table>\n<p>* GODZINY FUNKCJONOWANIA ODDZIA\u0141U MOG\u0104 ULEC ZMIANIE Z PRZYCZYN NIEZALE\u017bNYCH OD NAS.[\/vc_column_text][vc_separator][\/vc_column][\/vc_row][vc_row full_width=&#8221;stretch_row_content&#8221; css=&#8221;.vc_custom_1665510700201{background-color: #a8c8db !important;}&#8221;][vc_column][vc_column_text css=&#8221;&#8221;]<\/p>\n<p style=\"text-align: center\"><strong><em>ZAJ\u0118CIA DODATKOWE<\/em><\/strong><\/p>\n<table style=\"width: 100%;border-collapse: collapse;border-style: inset;border-color: #000000;height: 168px\">\n<tbody>\n<tr style=\"height: 24px\">\n<td style=\"width: 16.6667%;border-style: solid;border-color: #000000;height: 24px;text-align: center\"><strong>zaj\u0119cia\/dzie\u0144<\/strong><\/td>\n<td style=\"width: 16.6667%;border-style: solid;border-color: #000000;height: 24px;text-align: center\"><strong>Poniedzia\u0142ek<\/strong><\/td>\n<td style=\"width: 16.6667%;border-style: solid;border-color: #000000;height: 24px;text-align: center\"><strong>Wtorek<\/strong><\/td>\n<td style=\"width: 16.6667%;border-style: solid;border-color: #000000;height: 24px;text-align: center\"><strong>\u015aroda<\/strong><\/td>\n<td style=\"width: 16.6667%;border-style: solid;border-color: #000000;height: 24px;text-align: center\"><strong>Czwartek<\/strong><\/td>\n<td style=\"width: 16.6667%;border-style: solid;border-color: #000000;height: 24px;text-align: center\"><strong>Pi\u0105tek<\/strong><\/td>\n<\/tr>\n<tr style=\"height: 24px\">\n<td style=\"width: 16.6667%;border-style: solid;border-color: #000000;height: 24px\"><strong>Zaj\u0119cia ruchowe og\u00f3lnorozwojowe<\/strong><\/td>\n<td style=\"width: 16.6667%;border-style: solid;border-color: #000000;height: 24px;text-align: center\">11:00-11:30<\/td>\n<td style=\"width: 16.6667%;border-style: solid;border-color: #000000;height: 24px;text-align: center\"><\/td>\n<td style=\"width: 16.6667%;border-style: solid;border-color: #000000;height: 24px;text-align: center\"><\/td>\n<td style=\"width: 16.6667%;border-style: solid;border-color: #000000;height: 24px;text-align: center\"><\/td>\n<td style=\"width: 16.6667%;border-style: solid;border-color: #000000;height: 24px;text-align: center\">11:00-11:30<\/td>\n<\/tr>\n<tr style=\"height: 24px\">\n<td style=\"width: 16.6667%;border-style: solid;border-color: #000000;height: 24px\"><strong>Rytmika<\/strong><\/td>\n<td style=\"width: 16.6667%;border-style: solid;border-color: #000000;height: 24px;text-align: center\"><\/td>\n<td style=\"width: 16.6667%;border-style: solid;border-color: #000000;height: 24px;text-align: center\"><\/td>\n<td style=\"width: 16.6667%;border-style: solid;border-color: #000000;height: 24px;text-align: center\"><\/td>\n<td style=\"width: 16.6667%;border-style: solid;border-color: #000000;height: 24px;text-align: center\">11:00-11:30<\/td>\n<td style=\"width: 16.6667%;border-style: solid;border-color: #000000;height: 24px;text-align: center\"><\/td>\n<\/tr>\n<tr style=\"height: 24px\">\n<td style=\"width: 16.6667%;border-style: solid;border-color: #000000;height: 24px\"><strong>Mali Wspaniali<\/strong><\/td>\n<td style=\"width: 16.6667%;border-style: solid;border-color: #000000;height: 24px;text-align: center\"><\/td>\n<td style=\"width: 16.6667%;border-style: solid;border-color: #000000;height: 24px;text-align: center\"><\/td>\n<td style=\"width: 16.6667%;border-style: solid;border-color: #000000;height: 24px;text-align: center\">11:00-11:30<\/td>\n<td style=\"width: 16.6667%;border-style: solid;border-color: #000000;height: 24px;text-align: center\"><\/td>\n<td style=\"width: 16.6667%;border-style: solid;border-color: #000000;height: 24px;text-align: center\"><\/td>\n<\/tr>\n<tr style=\"height: 24px\">\n<td style=\"width: 16.6667%;border-style: solid;border-color: #000000;height: 24px\"><strong>J\u0119zyk angielski<\/strong><\/td>\n<td style=\"width: 16.6667%;border-style: solid;border-color: #000000;height: 24px;text-align: center\"><\/td>\n<td style=\"width: 16.6667%;border-style: solid;border-color: #000000;height: 24px;text-align: center\">10:30-11:00<\/td>\n<td style=\"width: 16.6667%;border-style: solid;border-color: #000000;height: 24px;text-align: center\"><\/td>\n<td style=\"width: 16.6667%;border-style: solid;border-color: #000000;height: 24px;text-align: center\"><\/td>\n<td style=\"width: 16.6667%;border-style: solid;border-color: #000000;height: 24px;text-align: center\"><\/td>\n<\/tr>\n<tr style=\"height: 48px\">\n<td style=\"width: 16.6667%;border-style: solid;border-color: #000000;height: 48px\"><strong>Religia<br \/>\n<\/strong><\/td>\n<td style=\"width: 16.6667%;border-style: solid;border-color: #000000;text-align: center;height: 48px\"><\/td>\n<td style=\"width: 16.6667%;border-style: solid;border-color: #000000;text-align: center;height: 48px\">13:30-14:00<\/td>\n<td style=\"width: 16.6667%;border-style: solid;border-color: #000000;text-align: center;height: 48px\"><\/td>\n<td style=\"width: 16.6667%;border-style: solid;border-color: #000000;text-align: center;height: 48px\">12:30-13:00<\/td>\n<td style=\"width: 16.6667%;border-style: solid;border-color: #000000;text-align: center;height: 48px\"><\/td>\n<\/tr>\n<\/tbody>\n<\/table>\n<p>[\/vc_column_text][\/vc_column][\/vc_row][vc_row][vc_column][vc_column_text css=&#8221;&#8221;]<span style=\"font-size: 18pt\">Materia\u0142y do pobrania:<\/span><\/p>\n<p><a href=\"https:\/\/przedszkole17.edu.wroclaw.pl\/wp-content\/uploads\/sites\/41\/2026\/03\/wiersz-i-piosenka-kwiecien.pdf\">piosenka: &#8222;Wielkanoc i wiosna&#8221; ; &#8222;wiersz: &#8222;Przed\u015bwi\u0105teczne porz\u0105dki&#8221;<\/a><\/p>\n<p><a href=\"https:\/\/przedszkole17.edu.wroclaw.pl\/wp-content\/uploads\/sites\/41\/2026\/03\/kwiecien.pdf\">plan pracy wychowawczo-dydaktycznej &#8211; Kwiecie\u0144<\/a><\/p>\n<h3 align=\"left\"><\/h3>\n<h3 class=\"western\" align=\"left\"><strong><span style=\"font-family: Verdana, sans-serif\"><span style=\"font-size: medium\"><i><b>W roku szkolnym 2025\/2026 w naszej grupie realizujemy nast\u0119puj\u0105ce programy edukacyjne:<\/b><\/i><\/span><\/span><\/strong><\/h3>\n<ol>\n<li>\n<p class=\"western\" align=\"left\"><strong>\u201e<span style=\"font-family: Verdana, sans-serif\"><span style=\"font-size: medium\"><i>Samodzielne, wszechstronne, szcz\u0119\u015bliwe\u201d- wydawnictwo Nowa Era<\/i><\/span><\/span><\/strong><i> <\/i><\/p>\n<\/li>\n<li>\n<p class=\"western\" align=\"left\"><strong>\u201e<span style=\"font-family: Verdana, sans-serif\"><span style=\"font-size: medium\"><i>Figle i Wybryki w Krainie Matematyki\u201d \u2013 program w\u0142asny edukacji matematycznej <\/i><\/span><\/span><\/strong><\/p>\n<\/li>\n<li>\n<p class=\"western\" align=\"left\"><strong>\u201e<span style=\"font-family: Verdana, sans-serif\"><span style=\"font-size: medium\"><i>Mali Wspaniali\u201d \u2013 program og\u00f3lnorozwojowy finansowany przez Gmin\u0119 Wroc\u0142aw <\/i><\/span><\/span><\/strong><i> <\/i><\/p>\n<\/li>\n<\/ol>\n<p class=\"western\" align=\"left\"><span style=\"font-family: Verdana, sans-serif\"><span style=\"font-size: medium\"><i><b>Innowacja pedagogiczna:<\/b><\/i><\/span><\/span><\/p>\n<ol>\n<li>\n<p class=\"western\" align=\"left\">\u201e<span style=\"font-family: Verdana, sans-serif\"><span style=\"font-size: medium\"><i>Socjoterapia \u2013 \u0142\u0105cz\u0105 nas emocje\u2026\u201d <\/i><\/span><\/span><\/p>\n<\/li>\n<li>\n<p class=\"western\" align=\"left\">\u201e<span style=\"font-family: Verdana, sans-serif\"><span style=\"font-size: medium\"><i>W zgodzie z przyrod\u0105\u201d \u2013 program ekologiczny <\/i><\/span><\/span><\/p>\n<\/li>\n<li>\n<p class=\"western\" align=\"left\">\u201e<span style=\"font-family: Verdana, sans-serif\"><span style=\"font-size: medium\"><i>Czuciaki z Krainy Emocji\u201d \u2013 projekt organizowany przez portal \u201eBli\u017cej Przedszkola\u201d <\/i><\/span><\/span><\/p>\n<\/li>\n<\/ol>\n<p><a href=\"https:\/\/przedszkole17.edu.wroclaw.pl\/wp-content\/uploads\/sites\/41\/2025\/10\/innowacja-pedagogiczna.pdf\">Socjoterapia-\u0142\u0105cz\u0105 nas emocje&#8230;-szczeg\u00f3\u0142y<\/a>[\/vc_column_text][vc_column_text css=&#8221;&#8221;]<\/p>\n<p style=\"text-align: center\"><em><strong><span style=\"font-size: 18pt\">Nasza sala<\/span><\/strong><\/em><\/p>\n<p style=\"text-align: center\"><em><strong><span style=\"font-size: 18pt\">Tutaj si\u0119 uczymy i &#8230; \u015bwietnie bawimy \ud83d\ude42<\/span><\/strong><\/em><\/p>\n<p>[\/vc_column_text][vc_gallery type=&#8221;image_grid&#8221; images=&#8221;18852,18812,18811,18810,18809&#8243; css=&#8221;&#8221;][vc_column_text css=&#8221;&#8221;]<\/p>\n<p style=\"text-align: center\"><strong><em><span style=\"font-size: 18pt\">WRZESIE\u0143 W PIGU\u0141CE<\/span><\/em><\/strong><\/p>\n<p><span style=\"font-size: 14pt\"><em>15 wrze\u015bnia obchodzili\u015bmy Dzie\u0144 Kropki. Poznali\u015bmy histori\u0119 Vashti, porozmawiali\u015bmy o swoich talentach, pobawili\u015bmy si\u0119 kropkami a na koniec ka\u017cdy z nas wykona\u0142 prac\u0119 plastyczn\u0105 z wykorzystaniem kropek i materia\u0142\u00f3w wed\u0142ug w\u0142asnego pomys\u0142u.<\/em><\/span><\/p>\n<p><span style=\"font-size: 14pt\"><em>23 wrze\u015bnia odwiedzili\u015bmy &#8222;Zielon\u0105 Dolin\u0119&#8221; z okazji Dnia Pieczonego Ziemniaka. Poznali\u015bmy histori\u0119 i ciekawostki na temat ziemniaka, wzi\u0119li\u015bmy\u00a0 udzia\u0142 w grach i zabawach z wykorzystaniem ziemniak\u00f3w, skosztowali\u015bmy pieczonego ziemniaka z ogniska a na koniec pobawili\u015bmy si\u0119 na placu zabaw \ud83d\ude42<\/em><\/span><\/p>\n<p><span style=\"font-size: 14pt\"><em>Przez ca\u0142y miesi\u0105c do\u015bwiadczali\u015bmy zabaw z wiatrakiem matematycznym. Poprzez zabaw\u0119 uczyli\u015bmy si\u0119 orientacji w schemacie w\u0142asnego cia\u0142a i przestrzeni, rytm\u00f3w, kszta\u0142towali\u015bmy umiej\u0119tno\u015b\u0107 liczenia, doskonalili\u015bmy rozpoznawanie i nazywanie kolor\u00f3w oraz figur geometrycznych a tak\u017ce rozwijali\u015bmy motoryk\u0119 du\u017c\u0105 i ma\u0142\u0105.<\/em><\/span>[\/vc_column_text][vc_gallery type=&#8221;image_grid&#8221; images=&#8221;18949,18950,18951,18952,18953,18954,18955,18956,18957,18958,18959,18960,18961,18962,18963,18964,18965,18966,18967,18968,18969,18970,18971&#8243; css=&#8221;&#8221;][\/vc_column][\/vc_row][vc_row][vc_column][\/vc_column][\/vc_row]<\/p>\n<\/div>","protected":false},"excerpt":{"rendered":"<p>[vc_row][vc_column][vc_column_text css_animation=&#8221;zoomIn&#8221; css=&#8221;&#8221;] Nasza grupa, S\u00f3wkami zwana, bawi si\u0119 \u015bwietnie od samego rana. Pani Milena i Maria nad bezpiecze\u0144stwem naszym czuwaj\u0105 i nie na wszystko nam pozwalaj\u0105. Pani Natalia pyszne [&hellip;]<\/p>\n","protected":false},"author":72,"featured_media":0,"parent":19,"menu_order":0,"comment_status":"closed","ping_status":"closed","template":"","meta":{"ngg_post_thumbnail":0,"footnotes":""},"class_list":["post-31","page","type-page","status-publish","hentry","clearfix"],"_links":{"self":[{"href":"https:\/\/przedszkole17.edu.wroclaw.pl\/index.php\/wp-json\/wp\/v2\/pages\/31","targetHints":{"allow":["GET"]}}],"collection":[{"href":"https:\/\/przedszkole17.edu.wroclaw.pl\/index.php\/wp-json\/wp\/v2\/pages"}],"about":[{"href":"https:\/\/przedszkole17.edu.wroclaw.pl\/index.php\/wp-json\/wp\/v2\/types\/page"}],"author":[{"embeddable":true,"href":"https:\/\/przedszkole17.edu.wroclaw.pl\/index.php\/wp-json\/wp\/v2\/users\/72"}],"replies":[{"embeddable":true,"href":"https:\/\/przedszkole17.edu.wroclaw.pl\/index.php\/wp-json\/wp\/v2\/comments?post=31"}],"version-history":[{"count":653,"href":"https:\/\/przedszkole17.edu.wroclaw.pl\/index.php\/wp-json\/wp\/v2\/pages\/31\/revisions"}],"predecessor-version":[{"id":20214,"href":"https:\/\/przedszkole17.edu.wroclaw.pl\/index.php\/wp-json\/wp\/v2\/pages\/31\/revisions\/20214"}],"up":[{"embeddable":true,"href":"https:\/\/przedszkole17.edu.wroclaw.pl\/index.php\/wp-json\/wp\/v2\/pages\/19"}],"wp:attachment":[{"href":"https:\/\/przedszkole17.edu.wroclaw.pl\/index.php\/wp-json\/wp\/v2\/media?parent=31"}],"curies":[{"name":"wp","href":"https:\/\/api.w.org\/{rel}","templated":true}]}}