
{"id":346,"date":"2019-10-22T12:48:44","date_gmt":"2019-10-22T10:48:44","guid":{"rendered":"https:\/\/przedszkole17.edu.wroclaw.pl\/?page_id=346"},"modified":"2026-04-29T08:08:34","modified_gmt":"2026-04-29T06:08:34","slug":"upowaznienie-do-odbioru-dziecka","status":"publish","type":"page","link":"https:\/\/przedszkole17.edu.wroclaw.pl\/index.php\/dokumenty\/upowaznienie-do-odbioru-dziecka\/","title":{"rendered":"Dokumenty do pobrania"},"content":{"rendered":"<div class=\"wpb-content-wrapper\"><p>[vc_row][vc_column][vc_column_text css=&#8221;&#8221;]<span style=\"color: #000000;font-size: 14pt\"><strong><a href=\"https:\/\/przedszkole17.edu.wroclaw.pl\/wp-content\/uploads\/sites\/41\/2026\/03\/DEKLARACJA-O-KONTYNUOWANIU-WYCHOWANIA-PRZEDSZKOLNEGO-2026-2027.doc\">DEKLARACJA O KONTYNUOWANIU WYCHOWANIA PRZEDSZKOLNEGO 2026-2027<\/a><\/strong><\/span><\/p>\n<p><span style=\"color: #000000\"><a style=\"color: #000000\" href=\"https:\/\/przedszkole17.edu.wroclaw.pl\/wp-content\/uploads\/sites\/41\/2020\/01\/P17-Rezygnacja.pdf\" target=\"_blank\" rel=\"noopener noreferrer\"><span style=\"font-size: 14pt\"><strong>Rezygnacja z przedszkola (PDF 30,5 KB)<\/strong><\/span><\/a><\/span>[\/vc_column_text][vc_column_text]<\/p>\n<div class=\"wp-block-file\"><span style=\"color: #000000\"><strong><span style=\"font-size: 14pt\"><a style=\"color: #000000\" href=\"https:\/\/przedszkole17.edu.wroclaw.pl\/wp-content\/uploads\/sites\/41\/2021\/09\/UPOWAZNIENIE-DO-ODBIERANIA-DZIECKA.doc\" target=\"_blank\" rel=\"noreferrer noopener\">Upowa\u017cnienie do odbierania dziecka z przedszkola (PDF\u00a0 44,5 KB)<\/a><\/span><\/strong><\/span><\/div>\n<p>[\/vc_column_text][vc_column_text]<span style=\"color: #000000;font-size: 14pt\"><strong><a style=\"color: #000000\" href=\"https:\/\/przedszkole17.edu.wroclaw.pl\/wp-content\/uploads\/sites\/41\/2020\/01\/O\u015aW.-NIEOBEC-P17.pdf\" target=\"_blank\" rel=\"noopener noreferrer\">O\u015bwiadczenie o d\u0142ugotrwa\u0142ej nieobecno\u015bci dziecka<\/a> (PDF 25 KB)<\/strong><\/span><\/p>\n<p><span style=\"color: #000000;font-size: 14pt\"><strong><a style=\"color: #000000\" href=\"https:\/\/przedszkole17.edu.wroclaw.pl\/wp-content\/uploads\/sites\/41\/2024\/02\/Usprawiedliwienie-nieobecnosci-6latka-PDF-553-KB.pdf\">Usprawiedliwienie nieobecno\u015bci 6latka (PDF 55,3 KB)<\/a><\/strong><\/span>[\/vc_column_text][vc_column_text]<strong><span style=\"color: #000000\"><a style=\"color: #000000\" href=\"https:\/\/przedszkole17.edu.wroclaw.pl\/wp-content\/uploads\/sites\/41\/2019\/09\/Przyspieszenie-obowiazku-szkol-skonwertowany-2.pdf\" target=\"_blank\" rel=\"noopener noreferrer\"><span style=\"font-size: 14pt\">Informacja dla rodzic\u00f3w-przyspieszenie obowi\u0105zku szkolnego<\/span><\/a><span style=\"font-size: 14pt\"> (PDF 112 KB)<\/span><\/span><\/strong>[\/vc_column_text][vc_column_text]<strong><span style=\"color: #000000;font-size: 14pt\"><a style=\"color: #000000\" href=\"https:\/\/przedszkole17.edu.wroclaw.pl\/wp-content\/uploads\/sites\/41\/2023\/07\/5.Wniosek-o-zwolnienie-z-oplaty-stalej.pdf\">Wniosek o zwolnienie z op\u0142aty sta\u0142ej<\/a><\/span><\/strong>[\/vc_column_text][vc_column_text css=&#8221;&#8221;]<\/p>\n<p><span style=\"color: #000000;font-size: 14pt\"><strong><a style=\"color: #000000\" href=\"https:\/\/przedszkole17.edu.wroclaw.pl\/wp-content\/uploads\/sites\/41\/2024\/09\/DEKLARACJA-POBYTU-P17.pdf\">DEKLARACJA POBYTU P17 (PDF 87,9 KB)<\/a><\/strong><\/span>[\/vc_column_text][vc_column_text css=&#8221;&#8221;]<span style=\"color: #000000\"><a style=\"color: #000000\" href=\"https:\/\/przedszkole17.edu.wroclaw.pl\/wp-content\/uploads\/sites\/41\/2020\/08\/ZASADY-KORZYSTANIA-Z-ELEKTRONICZNEJ-REJESTRACJI.pdf\" target=\"_blank\" rel=\"noopener noreferrer\"><strong><span style=\"font-size: 14pt\">Zasady korzystania z elektronicznej rejestracji (PDF 92 KB)<\/span><\/strong><\/a><\/span><\/p>\n<p><strong><span style=\"font-size: 14pt;color: #000000\"><a style=\"color: #000000\" href=\"https:\/\/przedszkole17.edu.wroclaw.pl\/wp-content\/uploads\/sites\/41\/2025\/01\/REGULAMIN-KORZYSTANIA-Z-WYZYWIENIA-DE.docx\">REGULAMIN KORZYSTANIA Z WY\u017bYWIENIA <\/a><\/span><\/strong><\/p>\n<p><span style=\"color: #000000;font-size: 14pt\"><strong><a style=\"color: #000000\" href=\"https:\/\/przedszkole17.edu.wroclaw.pl\/wp-content\/uploads\/sites\/41\/2026\/04\/oswiadczenie_rodzica_o_zamieszkaniu_samorzadowe_2026_02.docx\">O\u015bwiadczenie_rodzica_o_zamieszkaniu_samorz\u0105dowe<\/a><\/strong><\/span>[\/vc_column_text][\/vc_column][\/vc_row]<\/p>\n<\/div>","protected":false},"excerpt":{"rendered":"<p>[vc_row][vc_column][vc_column_text css=&#8221;&#8221;]DEKLARACJA O KONTYNUOWANIU WYCHOWANIA PRZEDSZKOLNEGO 2026-2027 Rezygnacja z przedszkola (PDF 30,5 KB)[\/vc_column_text][vc_column_text] Upowa\u017cnienie do odbierania dziecka z przedszkola (PDF\u00a0 44,5 KB) [\/vc_column_text][vc_column_text]O\u015bwiadczenie o d\u0142ugotrwa\u0142ej nieobecno\u015bci dziecka (PDF 25 KB) [&hellip;]<\/p>\n","protected":false},"author":72,"featured_media":0,"parent":17,"menu_order":0,"comment_status":"closed","ping_status":"closed","template":"","meta":{"ngg_post_thumbnail":0,"footnotes":""},"class_list":["post-346","page","type-page","status-publish","hentry","clearfix"],"_links":{"self":[{"href":"https:\/\/przedszkole17.edu.wroclaw.pl\/index.php\/wp-json\/wp\/v2\/pages\/346","targetHints":{"allow":["GET"]}}],"collection":[{"href":"https:\/\/przedszkole17.edu.wroclaw.pl\/index.php\/wp-json\/wp\/v2\/pages"}],"about":[{"href":"https:\/\/przedszkole17.edu.wroclaw.pl\/index.php\/wp-json\/wp\/v2\/types\/page"}],"author":[{"embeddable":true,"href":"https:\/\/przedszkole17.edu.wroclaw.pl\/index.php\/wp-json\/wp\/v2\/users\/72"}],"replies":[{"embeddable":true,"href":"https:\/\/przedszkole17.edu.wroclaw.pl\/index.php\/wp-json\/wp\/v2\/comments?post=346"}],"version-history":[{"count":48,"href":"https:\/\/przedszkole17.edu.wroclaw.pl\/index.php\/wp-json\/wp\/v2\/pages\/346\/revisions"}],"predecessor-version":[{"id":20394,"href":"https:\/\/przedszkole17.edu.wroclaw.pl\/index.php\/wp-json\/wp\/v2\/pages\/346\/revisions\/20394"}],"up":[{"embeddable":true,"href":"https:\/\/przedszkole17.edu.wroclaw.pl\/index.php\/wp-json\/wp\/v2\/pages\/17"}],"wp:attachment":[{"href":"https:\/\/przedszkole17.edu.wroclaw.pl\/index.php\/wp-json\/wp\/v2\/media?parent=346"}],"curies":[{"name":"wp","href":"https:\/\/api.w.org\/{rel}","templated":true}]}}