
{"id":5345,"date":"2021-04-23T14:00:25","date_gmt":"2021-04-23T12:00:25","guid":{"rendered":"https:\/\/przedszkole17.edu.wroclaw.pl\/?page_id=5345"},"modified":"2026-05-04T10:06:49","modified_gmt":"2026-05-04T08:06:49","slug":"rekrutacja","status":"publish","type":"page","link":"https:\/\/przedszkole17.edu.wroclaw.pl\/index.php\/rekrutacja\/","title":{"rendered":"Rekrutacja"},"content":{"rendered":"<div class=\"wpb-content-wrapper\"><p>[vc_row][vc_column][vc_column_text][\/vc_column_text][vc_column_text css_animation=&#8221;bounceIn&#8221; css=&#8221;&#8221;]<\/p>\n<p style=\"text-align: center\"><span style=\"font-family: verdana, geneva;font-size: 18pt\"><strong>Rekrutacja na rok szkolny 2026\/2027 zosta\u0142a zako\u0144czona<img loading=\"lazy\" decoding=\"async\" class=\"alignnone size-full wp-image-20425\" src=\"https:\/\/przedszkole17.edu.wroclaw.pl\/wp-content\/uploads\/sites\/41\/2026\/05\/logo-p17_1-e1686822916408.png\" alt=\"\" width=\"150\" height=\"150\" \/><\/strong><\/span><\/p>\n<p style=\"text-align: center\"><span style=\"font-family: verdana, geneva;font-size: 14pt\">Dzi\u0119kujemy wszystkim rodzicom za zaufanie i zainteresowanie naszym przedszkolem.<br \/>\n<\/span><span style=\"font-family: verdana, geneva;font-size: 14pt\">Informacje dotycz\u0105ce wynik\u00f3w oraz dalszych krok\u00f3w organizacyjnych przekazywane s\u0105 bezpo\u015brednio do rodzic\u00f3w dzieci przyj\u0119tych.<\/span><\/p>\n<p>&nbsp;<\/p>\n<p style=\"text-align: center\"><span style=\"font-family: verdana, geneva;font-size: 14pt\"><span style=\"font-size: 18pt\"><strong>Zapraszamy na Festyn Rodzinny<\/strong><\/span>, kt\u00f3ry odb\u0119dzie si\u0119 <span style=\"font-size: 18pt\"><strong>12 czerwca 2026 roku<\/strong><\/span> od godziny <span style=\"font-size: 18pt\"><strong>16:00<\/strong><\/span> na terenie naszego przedszkola.<br \/>\nTo wyj\u0105tkowe wydarzenie pe\u0142ne atrakcji, wsp\u00f3lnej zabawy i rodzinnej atmosfery. Czekaj\u0105 na Was animacje,<br \/>\nniespodzianki oraz aktywno\u015bci przygotowane przez nauczycieli i dzieci.<\/span><\/p>\n<p style=\"text-align: center\"><span style=\"font-family: verdana, geneva;font-size: 14pt\">Do zobaczenia podczas wsp\u00f3lnego \u015bwi\u0119towania!<\/span><\/p>\n<p>&nbsp;<\/p>\n<p>[\/vc_column_text][vc_separator color=&#8221;green&#8221; border_width=&#8221;2&#8243;][\/vc_column][\/vc_row][vc_row][vc_column][\/vc_column][\/vc_row]<\/p>\n<\/div>","protected":false},"excerpt":{"rendered":"<p>[vc_row][vc_column][vc_column_text][\/vc_column_text][vc_column_text css_animation=&#8221;bounceIn&#8221; css=&#8221;&#8221;] Rekrutacja na rok szkolny 2026\/2027 zosta\u0142a zako\u0144czona Dzi\u0119kujemy wszystkim rodzicom za zaufanie i zainteresowanie naszym przedszkolem. Informacje dotycz\u0105ce wynik\u00f3w oraz dalszych krok\u00f3w organizacyjnych przekazywane s\u0105 bezpo\u015brednio do [&hellip;]<\/p>\n","protected":false},"author":72,"featured_media":0,"parent":0,"menu_order":0,"comment_status":"closed","ping_status":"closed","template":"","meta":{"ngg_post_thumbnail":0,"footnotes":""},"class_list":["post-5345","page","type-page","status-publish","hentry","clearfix"],"_links":{"self":[{"href":"https:\/\/przedszkole17.edu.wroclaw.pl\/index.php\/wp-json\/wp\/v2\/pages\/5345","targetHints":{"allow":["GET"]}}],"collection":[{"href":"https:\/\/przedszkole17.edu.wroclaw.pl\/index.php\/wp-json\/wp\/v2\/pages"}],"about":[{"href":"https:\/\/przedszkole17.edu.wroclaw.pl\/index.php\/wp-json\/wp\/v2\/types\/page"}],"author":[{"embeddable":true,"href":"https:\/\/przedszkole17.edu.wroclaw.pl\/index.php\/wp-json\/wp\/v2\/users\/72"}],"replies":[{"embeddable":true,"href":"https:\/\/przedszkole17.edu.wroclaw.pl\/index.php\/wp-json\/wp\/v2\/comments?post=5345"}],"version-history":[{"count":83,"href":"https:\/\/przedszkole17.edu.wroclaw.pl\/index.php\/wp-json\/wp\/v2\/pages\/5345\/revisions"}],"predecessor-version":[{"id":20426,"href":"https:\/\/przedszkole17.edu.wroclaw.pl\/index.php\/wp-json\/wp\/v2\/pages\/5345\/revisions\/20426"}],"wp:attachment":[{"href":"https:\/\/przedszkole17.edu.wroclaw.pl\/index.php\/wp-json\/wp\/v2\/media?parent=5345"}],"curies":[{"name":"wp","href":"https:\/\/api.w.org\/{rel}","templated":true}]}}