
{"id":7306,"date":"2022-09-30T10:05:47","date_gmt":"2022-09-30T08:05:47","guid":{"rendered":"https:\/\/przedszkole17.edu.wroclaw.pl\/?page_id=7306"},"modified":"2025-01-31T10:02:34","modified_gmt":"2025-01-31T09:02:34","slug":"organizacja-przedszkola","status":"publish","type":"page","link":"https:\/\/przedszkole17.edu.wroclaw.pl\/index.php\/dla-rodzicow\/organizacja-przedszkola\/","title":{"rendered":"Organizacja przedszkola"},"content":{"rendered":"<div class=\"wpb-content-wrapper\"><p>[vc_row][vc_column][vc_column_text css_animation=&#8221;fadeInDownBig&#8221; css=&#8221;&#8221;]<span style=\"font-size: 14pt\"><strong><u>ORGANIZACJA<\/u><\/strong><\/span><br \/>\n<span style=\"font-size: 14pt\"><strong>Dyrektor \u00a0Ewa Kulczy\u0144ska<\/strong><\/span><br \/>\n<span style=\"font-size: 14pt\"><strong>Wicedyrektor Katarzyna Cis\u0142o<\/strong><\/span><br \/>\n<span style=\"font-size: 14pt\"><strong>\u00a0St. Intendent Anna Ka\u0144du\u0142a<\/strong><\/span><br \/>\n<span style=\"font-size: 14pt\"><strong>\u00a0Sekretarka Aleksandra Wojtasik<\/strong><\/span><br \/>\n<span style=\"font-size: 14pt\"><strong>\u00a0Pomoc administracyjna Magdalena Barszcz<\/strong><\/span><\/p>\n<p><strong><span style=\"font-size: 14pt\">Przyprowadzanie dziecka do przedszkola od godz. 6:30 do 8:30, o<\/span><\/strong><strong><span style=\"font-size: 14pt\">dbieranie dziecka do godziny 17:00.<\/span><\/strong><\/p>\n<p><span style=\"font-size: 14pt\"><strong><u>POSI\u0141KI<\/u> <\/strong><strong>wydawane s\u0105 w godzinach:<\/strong><\/span><\/p>\n<ul>\n<li><span style=\"font-size: 14pt\"><strong>\u015bniadanie \u00a0\u00a08:30\u00a0\u00a0 \u2013 9:00<\/strong><\/span><\/li>\n<li><span style=\"font-size: 14pt\"><strong>zupa+deser 11:30 \u2013 12:00<\/strong><\/span><\/li>\n<li><span style=\"font-size: 14pt\"><strong>II danie 14:00\u00a0 \u2013 14:30<\/strong><\/span><\/li>\n<\/ul>\n<p><span style=\"font-size: 14pt\"><strong><u>KONTAKT<\/u><\/strong><\/span><\/p>\n<p><span style=\"font-size: 14pt\"><strong>W sprawach pilnych prosimy o kontakt telefoniczny lub mailowy: <\/strong><strong><u>71\u00a0798 67 14 wew. 100,<\/u><\/strong><\/span><\/p>\n<p><span style=\"font-size: 14pt\"><strong><u>\u00a0<a href=\"mailto:sekretariat.p017@wroclawskaedukacja.pl\">sekretariat.p017@wroclawskaedukacja.pl<\/a> <\/u><\/strong><\/span><\/p>\n<p><span style=\"font-size: 14pt\"><strong><u>OP\u0141ATY OD 1 WRZE\u015aNIA 2024 R.<br \/>\n<\/u><\/strong><\/span><\/p>\n<ul>\n<li><span style=\"font-size: 14pt\"><strong><u>Pobyt dziecka 6 letniego obj\u0119tego rocznym przygotowaniem przedszkolnym jest nieodp\u0142atny<\/u><\/strong><strong>, <\/strong><\/span><\/li>\n<li><span style=\"font-size: 14pt\"><strong>Pobyt dzieci 3-5 letnich za 5 godzin jest nieodp\u0142atny, pozosta\u0142y czas pobytu dziecka p\u0142atny 1,44 z\u0142 za ka\u017cd\u0105 rozpocz\u0119t\u0105 godzin\u0119,<\/strong><\/span><\/li>\n<li><span style=\"font-size: 14pt\"><strong>Pobyt dziecka z rodziny wielodzietnej jest nieodp\u0142atny po z\u0142o\u017ceniu wniosku do dyrektora przedszkola w sekretariacie,* <\/strong><\/span><\/li>\n<li><span style=\"font-size: 14pt\"><strong>Wy\u017cywienie \u2013 3 posi\u0142ki dziennie &#8211; stawka dzienna \u2013 12 z\u0142,<\/strong><\/span><\/li>\n<li><span style=\"font-size: 14pt\"><strong>Czas pobytu dziecka w przedszkolu naliczany jest przez system elektroniczny,<\/strong><\/span><\/li>\n<li><span style=\"font-size: 14pt\"><strong>Op\u0142aty za przedszkole <\/strong><strong>wnosimy z do\u0142u do 15\u00a0 nast\u0119pnego miesi\u0105ca, przelewem\u00a0<\/strong><strong> na indywidualne, wirtualne konto bankowe.\u00a0<\/strong><strong>\u00a0<\/strong><\/span><\/li>\n<\/ul>\n<p><span style=\"font-size: 14pt\"><strong>Kwota p\u0142atno\u015bci za przedszkole wysy\u0142ana jest na adres mailowy Rodzica.<\/strong><\/span><span style=\"font-size: 14pt\"><strong>\u00a0<\/strong><\/span><span style=\"font-size: 14pt\"><strong><u>Za nieterminowe op\u0142aty naliczane s\u0105 ustawowe odsetki.<\/u><\/strong><\/span><\/p>\n<p><span style=\"font-size: 14pt\"><strong>*<\/strong>zwolnienia z op\u0142aty sta\u0142ej udzielane s\u0105 <em>na podstawie Uchwa\u0142y Nr III\/18\/24 Rady Miejskiej Wroc\u0142awia z dnia 6 czerwca 2024 r. w sprawie ustalenia czasu bezp\u0142atnego nauczania, wychowania i opieki oraz wysoko\u015bci op\u0142aty za korzystanie z wychowania przedszkolnego w przedszkolach publicznych prowadzonych przez gmin\u0119<\/em><em>. <\/em><\/span>[\/vc_column_text][\/vc_column][\/vc_row]<\/p>\n<\/div>","protected":false},"excerpt":{"rendered":"<p>[vc_row][vc_column][vc_column_text css_animation=&#8221;fadeInDownBig&#8221; css=&#8221;&#8221;]ORGANIZACJA Dyrektor \u00a0Ewa Kulczy\u0144ska Wicedyrektor Katarzyna Cis\u0142o \u00a0St. Intendent Anna Ka\u0144du\u0142a \u00a0Sekretarka Aleksandra Wojtasik \u00a0Pomoc administracyjna Magdalena Barszcz Przyprowadzanie dziecka do przedszkola od godz. 6:30 do 8:30, odbieranie [&hellip;]<\/p>\n","protected":false},"author":72,"featured_media":0,"parent":15,"menu_order":0,"comment_status":"closed","ping_status":"closed","template":"","meta":{"ngg_post_thumbnail":0,"footnotes":""},"class_list":["post-7306","page","type-page","status-publish","hentry","clearfix"],"_links":{"self":[{"href":"https:\/\/przedszkole17.edu.wroclaw.pl\/index.php\/wp-json\/wp\/v2\/pages\/7306","targetHints":{"allow":["GET"]}}],"collection":[{"href":"https:\/\/przedszkole17.edu.wroclaw.pl\/index.php\/wp-json\/wp\/v2\/pages"}],"about":[{"href":"https:\/\/przedszkole17.edu.wroclaw.pl\/index.php\/wp-json\/wp\/v2\/types\/page"}],"author":[{"embeddable":true,"href":"https:\/\/przedszkole17.edu.wroclaw.pl\/index.php\/wp-json\/wp\/v2\/users\/72"}],"replies":[{"embeddable":true,"href":"https:\/\/przedszkole17.edu.wroclaw.pl\/index.php\/wp-json\/wp\/v2\/comments?post=7306"}],"version-history":[{"count":13,"href":"https:\/\/przedszkole17.edu.wroclaw.pl\/index.php\/wp-json\/wp\/v2\/pages\/7306\/revisions"}],"predecessor-version":[{"id":17595,"href":"https:\/\/przedszkole17.edu.wroclaw.pl\/index.php\/wp-json\/wp\/v2\/pages\/7306\/revisions\/17595"}],"up":[{"embeddable":true,"href":"https:\/\/przedszkole17.edu.wroclaw.pl\/index.php\/wp-json\/wp\/v2\/pages\/15"}],"wp:attachment":[{"href":"https:\/\/przedszkole17.edu.wroclaw.pl\/index.php\/wp-json\/wp\/v2\/media?parent=7306"}],"curies":[{"name":"wp","href":"https:\/\/api.w.org\/{rel}","templated":true}]}}